{"id":140,"date":"2014-07-12T05:00:55","date_gmt":"2014-07-12T03:00:55","guid":{"rendered":"http:\/\/patocco.com\/it\/?page_id=140"},"modified":"2014-07-12T14:03:02","modified_gmt":"2014-07-12T12:03:02","slug":"feste-patocco-luglio-2013","status":"publish","type":"page","link":"https:\/\/patocco.com\/it\/gallery\/feste-patocco-luglio-2013\/","title":{"rendered":"Feste di Patocco Luglio 2013"},"content":{"rendered":"\n\t\t\t<div id='140-1' class='gallery gallery-140 gallery-columns-4 gallery-size-thumbnail' itemscope itemtype='http:\/\/schema.org\/ImageGallery'>\n\t\t\t\t<div class='gallery-row gallery-col-4 gallery-clear'>\n\t\t\t\t\t<figure class='gallery-item col-4' itemprop='associatedMedia' itemscope itemtype='http:\/\/schema.org\/ImageObject'>\n\t\t\t\t\t\t<div class='gallery-icon landscape'><a data-gal=\"prettyPhoto[gallery-140]\" href='https:\/\/patocco.com\/it\/wp-content\/uploads\/2014\/07\/Patocco-feste-july2014-pic1.jpg' itemprop=\"contentURL\"><img loading=\"lazy\" decoding=\"async\" width=\"120\" height=\"90\" src=\"https:\/\/patocco.com\/it\/wp-content\/uploads\/2014\/07\/Patocco-feste-july2014-pic1-120x90.jpg\" class=\"attachment-thumbnail size-thumbnail\" alt=\"\" srcset=\"https:\/\/patocco.com\/it\/wp-content\/uploads\/2014\/07\/Patocco-feste-july2014-pic1-120x90.jpg 120w, https:\/\/patocco.com\/it\/wp-content\/uploads\/2014\/07\/Patocco-feste-july2014-pic1-250x187.jpg 250w, https:\/\/patocco.com\/it\/wp-content\/uploads\/2014\/07\/Patocco-feste-july2014-pic1-520x390.jpg 520w, https:\/\/patocco.com\/it\/wp-content\/uploads\/2014\/07\/Patocco-feste-july2014-pic1.jpg 800w\" sizes=\"auto, (max-width: 120px) 100vw, 120px\" itemprop=\"thumbnail\" \/><\/a><\/div>\n\t\t\t\t\t<\/figure>\n\t\t\t\t\t<figure class='gallery-item col-4' itemprop='associatedMedia' itemscope itemtype='http:\/\/schema.org\/ImageObject'>\n\t\t\t\t\t\t<div class='gallery-icon landscape'><a data-gal=\"prettyPhoto[gallery-140]\" href='https:\/\/patocco.com\/it\/wp-content\/uploads\/2014\/07\/Patocco-feste-july2014-pic2.jpg' itemprop=\"contentURL\"><img loading=\"lazy\" decoding=\"async\" width=\"120\" height=\"90\" src=\"https:\/\/patocco.com\/it\/wp-content\/uploads\/2014\/07\/Patocco-feste-july2014-pic2-120x90.jpg\" class=\"attachment-thumbnail size-thumbnail\" alt=\"\" srcset=\"https:\/\/patocco.com\/it\/wp-content\/uploads\/2014\/07\/Patocco-feste-july2014-pic2-120x90.jpg 120w, https:\/\/patocco.com\/it\/wp-content\/uploads\/2014\/07\/Patocco-feste-july2014-pic2-250x187.jpg 250w, https:\/\/patocco.com\/it\/wp-content\/uploads\/2014\/07\/Patocco-feste-july2014-pic2-520x390.jpg 520w, https:\/\/patocco.com\/it\/wp-content\/uploads\/2014\/07\/Patocco-feste-july2014-pic2.jpg 800w\" sizes=\"auto, (max-width: 120px) 100vw, 120px\" itemprop=\"thumbnail\" \/><\/a><\/div>\n\t\t\t\t\t<\/figure>\n\t\t\t\t\t<figure class='gallery-item col-4' itemprop='associatedMedia' itemscope itemtype='http:\/\/schema.org\/ImageObject'>\n\t\t\t\t\t\t<div class='gallery-icon landscape'><a data-gal=\"prettyPhoto[gallery-140]\" href='https:\/\/patocco.com\/it\/wp-content\/uploads\/2014\/07\/Patocco-feste-july2014-pic3.jpg' itemprop=\"contentURL\"><img loading=\"lazy\" decoding=\"async\" width=\"120\" height=\"90\" src=\"https:\/\/patocco.com\/it\/wp-content\/uploads\/2014\/07\/Patocco-feste-july2014-pic3-120x90.jpg\" class=\"attachment-thumbnail size-thumbnail\" alt=\"\" srcset=\"https:\/\/patocco.com\/it\/wp-content\/uploads\/2014\/07\/Patocco-feste-july2014-pic3-120x90.jpg 120w, https:\/\/patocco.com\/it\/wp-content\/uploads\/2014\/07\/Patocco-feste-july2014-pic3-250x187.jpg 250w, https:\/\/patocco.com\/it\/wp-content\/uploads\/2014\/07\/Patocco-feste-july2014-pic3-520x390.jpg 520w, https:\/\/patocco.com\/it\/wp-content\/uploads\/2014\/07\/Patocco-feste-july2014-pic3.jpg 800w\" sizes=\"auto, (max-width: 120px) 100vw, 120px\" itemprop=\"thumbnail\" \/><\/a><\/div>\n\t\t\t\t\t<\/figure>\n\t\t\t\t\t<figure class='gallery-item col-4' itemprop='associatedMedia' itemscope itemtype='http:\/\/schema.org\/ImageObject'>\n\t\t\t\t\t\t<div class='gallery-icon landscape'><a data-gal=\"prettyPhoto[gallery-140]\" href='https:\/\/patocco.com\/it\/wp-content\/uploads\/2014\/07\/Patocco-feste-july2014-pic4.jpg' itemprop=\"contentURL\"><img loading=\"lazy\" decoding=\"async\" width=\"120\" height=\"90\" src=\"https:\/\/patocco.com\/it\/wp-content\/uploads\/2014\/07\/Patocco-feste-july2014-pic4-120x90.jpg\" class=\"attachment-thumbnail size-thumbnail\" alt=\"\" srcset=\"https:\/\/patocco.com\/it\/wp-content\/uploads\/2014\/07\/Patocco-feste-july2014-pic4-120x90.jpg 120w, https:\/\/patocco.com\/it\/wp-content\/uploads\/2014\/07\/Patocco-feste-july2014-pic4-250x187.jpg 250w, https:\/\/patocco.com\/it\/wp-content\/uploads\/2014\/07\/Patocco-feste-july2014-pic4-520x390.jpg 520w, https:\/\/patocco.com\/it\/wp-content\/uploads\/2014\/07\/Patocco-feste-july2014-pic4.jpg 800w\" sizes=\"auto, (max-width: 120px) 100vw, 120px\" itemprop=\"thumbnail\" \/><\/a><\/div>\n\t\t\t\t\t<\/figure>\n\t\t\t\t<\/div>\n\t\t\t\t<div class='gallery-row gallery-col-4 gallery-clear'>\n\t\t\t\t\t<figure class='gallery-item col-4' itemprop='associatedMedia' itemscope itemtype='http:\/\/schema.org\/ImageObject'>\n\t\t\t\t\t\t<div class='gallery-icon landscape'><a data-gal=\"prettyPhoto[gallery-140]\" href='https:\/\/patocco.com\/it\/wp-content\/uploads\/2014\/07\/Patocco-feste-july2014-parking-1.jpg' itemprop=\"contentURL\"><img loading=\"lazy\" decoding=\"async\" width=\"120\" height=\"90\" src=\"https:\/\/patocco.com\/it\/wp-content\/uploads\/2014\/07\/Patocco-feste-july2014-parking-1-120x90.jpg\" class=\"attachment-thumbnail size-thumbnail\" alt=\"\" srcset=\"https:\/\/patocco.com\/it\/wp-content\/uploads\/2014\/07\/Patocco-feste-july2014-parking-1-120x90.jpg 120w, https:\/\/patocco.com\/it\/wp-content\/uploads\/2014\/07\/Patocco-feste-july2014-parking-1-250x187.jpg 250w, https:\/\/patocco.com\/it\/wp-content\/uploads\/2014\/07\/Patocco-feste-july2014-parking-1-520x390.jpg 520w, https:\/\/patocco.com\/it\/wp-content\/uploads\/2014\/07\/Patocco-feste-july2014-parking-1.jpg 800w\" sizes=\"auto, (max-width: 120px) 100vw, 120px\" itemprop=\"thumbnail\" \/><\/a><\/div>\n\t\t\t\t\t<\/figure>\n\t\t\t\t\t<figure class='gallery-item col-4' itemprop='associatedMedia' itemscope itemtype='http:\/\/schema.org\/ImageObject'>\n\t\t\t\t\t\t<div class='gallery-icon landscape'><a data-gal=\"prettyPhoto[gallery-140]\" href='https:\/\/patocco.com\/it\/wp-content\/uploads\/2014\/07\/Patocco-feste-july2014-parking-2.jpg' itemprop=\"contentURL\"><img loading=\"lazy\" decoding=\"async\" width=\"120\" height=\"90\" src=\"https:\/\/patocco.com\/it\/wp-content\/uploads\/2014\/07\/Patocco-feste-july2014-parking-2-120x90.jpg\" class=\"attachment-thumbnail size-thumbnail\" alt=\"\" srcset=\"https:\/\/patocco.com\/it\/wp-content\/uploads\/2014\/07\/Patocco-feste-july2014-parking-2-120x90.jpg 120w, https:\/\/patocco.com\/it\/wp-content\/uploads\/2014\/07\/Patocco-feste-july2014-parking-2-250x187.jpg 250w, https:\/\/patocco.com\/it\/wp-content\/uploads\/2014\/07\/Patocco-feste-july2014-parking-2-520x390.jpg 520w, https:\/\/patocco.com\/it\/wp-content\/uploads\/2014\/07\/Patocco-feste-july2014-parking-2.jpg 800w\" sizes=\"auto, (max-width: 120px) 100vw, 120px\" itemprop=\"thumbnail\" \/><\/a><\/div>\n\t\t\t\t\t<\/figure>\n\t\t\t\t\t<figure class='gallery-item col-4' itemprop='associatedMedia' itemscope itemtype='http:\/\/schema.org\/ImageObject'>\n\t\t\t\t\t\t<div class='gallery-icon landscape'><a data-gal=\"prettyPhoto[gallery-140]\" href='https:\/\/patocco.com\/it\/wp-content\/uploads\/2014\/07\/Patocco-feste-july2014-helicopter1.jpg' itemprop=\"contentURL\"><img loading=\"lazy\" decoding=\"async\" width=\"120\" height=\"90\" src=\"https:\/\/patocco.com\/it\/wp-content\/uploads\/2014\/07\/Patocco-feste-july2014-helicopter1-120x90.jpg\" class=\"attachment-thumbnail size-thumbnail\" alt=\"\" srcset=\"https:\/\/patocco.com\/it\/wp-content\/uploads\/2014\/07\/Patocco-feste-july2014-helicopter1-120x90.jpg 120w, https:\/\/patocco.com\/it\/wp-content\/uploads\/2014\/07\/Patocco-feste-july2014-helicopter1-250x187.jpg 250w, https:\/\/patocco.com\/it\/wp-content\/uploads\/2014\/07\/Patocco-feste-july2014-helicopter1-520x390.jpg 520w, https:\/\/patocco.com\/it\/wp-content\/uploads\/2014\/07\/Patocco-feste-july2014-helicopter1.jpg 800w\" sizes=\"auto, (max-width: 120px) 100vw, 120px\" itemprop=\"thumbnail\" \/><\/a><\/div>\n\t\t\t\t\t<\/figure>\n\t\t\t\t\t<figure class='gallery-item col-4' itemprop='associatedMedia' itemscope itemtype='http:\/\/schema.org\/ImageObject'>\n\t\t\t\t\t\t<div class='gallery-icon landscape'><a data-gal=\"prettyPhoto[gallery-140]\" href='https:\/\/patocco.com\/it\/wp-content\/uploads\/2014\/07\/Patocco-feste-july2014-helicopter2.jpg' itemprop=\"contentURL\"><img loading=\"lazy\" decoding=\"async\" width=\"120\" height=\"90\" src=\"https:\/\/patocco.com\/it\/wp-content\/uploads\/2014\/07\/Patocco-feste-july2014-helicopter2-120x90.jpg\" class=\"attachment-thumbnail size-thumbnail\" alt=\"\" srcset=\"https:\/\/patocco.com\/it\/wp-content\/uploads\/2014\/07\/Patocco-feste-july2014-helicopter2-120x90.jpg 120w, https:\/\/patocco.com\/it\/wp-content\/uploads\/2014\/07\/Patocco-feste-july2014-helicopter2-250x187.jpg 250w, https:\/\/patocco.com\/it\/wp-content\/uploads\/2014\/07\/Patocco-feste-july2014-helicopter2-520x390.jpg 520w, https:\/\/patocco.com\/it\/wp-content\/uploads\/2014\/07\/Patocco-feste-july2014-helicopter2.jpg 800w\" sizes=\"auto, (max-width: 120px) 100vw, 120px\" itemprop=\"thumbnail\" \/><\/a><\/div>\n\t\t\t\t\t<\/figure>\n\t\t\t\t<\/div>\n\t\t\t<\/div><!-- .gallery -->\n\n","protected":false},"excerpt":{"rendered":"<p>La festa di paese \u00e8 svolto a Patocco il 14 luglio 2013, come un&#8217;opportunit\u00e0 per la comunit\u00e0 e gli amici per stare insieme e raccogliere fondi per la manutenzione della chiesa del villaggio. <\/p>\n<p>Durante la festa un elicottero ha volato avanti e indietro per gettare acqua su un piccolo incendio che scoppiato sul Monte Jovet. Non sapevamo allora quanto grande disastro l&#8217;incendio sarebbe diventato nelle prossime settimane.<\/p>\n","protected":false},"author":1,"featured_media":118,"parent":8,"menu_order":0,"comment_status":"open","ping_status":"open","template":"page-gallery.php","meta":{"footnotes":""},"class_list":["post-140","page","type-page","status-publish","has-post-thumbnail","hentry","wpautop"],"yoast_head":"<!-- This site is optimized with the Yoast SEO plugin v21.8 - https:\/\/yoast.com\/wordpress\/plugins\/seo\/ -->\n<title>Feste di Patocco Luglio 2013 - Patocco - Val Raccolana (IT)<\/title>\n<meta name=\"description\" content=\"La festa del paese - Patocco 14 Luglio 2013 Galleria Foto Per stare insieme con gli amici a mangiare, bere e raccogliere fondi per la chiesa locale\" \/>\n<meta name=\"robots\" content=\"index, follow, max-snippet:-1, max-image-preview:large, max-video-preview:-1\" \/>\n<link rel=\"canonical\" href=\"https:\/\/patocco.com\/it\/gallery\/feste-patocco-luglio-2013\/\" \/>\n<meta property=\"og:locale\" content=\"it_IT\" \/>\n<meta property=\"og:type\" content=\"article\" \/>\n<meta property=\"og:title\" content=\"Feste di Patocco Luglio 2013 - Patocco - Val Raccolana (IT)\" \/>\n<meta property=\"og:description\" content=\"La festa del paese - Patocco 14 Luglio 2013 Galleria Foto Per stare insieme con gli amici a mangiare, bere e raccogliere fondi per la chiesa locale\" \/>\n<meta property=\"og:url\" content=\"https:\/\/patocco.com\/it\/gallery\/feste-patocco-luglio-2013\/\" \/>\n<meta property=\"og:site_name\" content=\"Patocco - Val Raccolana (IT)\" \/>\n<meta property=\"article:modified_time\" content=\"2014-07-12T12:03:02+00:00\" \/>\n<meta property=\"og:image\" content=\"https:\/\/patocco.com\/it\/wp-content\/uploads\/sites\/2\/2014\/06\/patocco-feste2.jpg\" \/>\n\t<meta property=\"og:image:width\" content=\"800\" \/>\n\t<meta property=\"og:image:height\" content=\"600\" \/>\n\t<meta property=\"og:image:type\" content=\"image\/jpeg\" \/>\n<script type=\"application\/ld+json\" class=\"yoast-schema-graph\">{\"@context\":\"https:\/\/schema.org\",\"@graph\":[{\"@type\":\"WebPage\",\"@id\":\"https:\/\/patocco.com\/it\/gallery\/feste-patocco-luglio-2013\/\",\"url\":\"https:\/\/patocco.com\/it\/gallery\/feste-patocco-luglio-2013\/\",\"name\":\"Feste di Patocco Luglio 2013 - Patocco - Val Raccolana (IT)\",\"isPartOf\":{\"@id\":\"https:\/\/patocco.com\/it\/#website\"},\"datePublished\":\"2014-07-12T03:00:55+00:00\",\"dateModified\":\"2014-07-12T12:03:02+00:00\",\"description\":\"La festa del paese - Patocco 14 Luglio 2013 Galleria Foto Per stare insieme con gli amici a mangiare, bere e raccogliere fondi per la chiesa locale\",\"breadcrumb\":{\"@id\":\"https:\/\/patocco.com\/it\/gallery\/feste-patocco-luglio-2013\/#breadcrumb\"},\"inLanguage\":\"it-IT\",\"potentialAction\":[{\"@type\":\"ReadAction\",\"target\":[\"https:\/\/patocco.com\/it\/gallery\/feste-patocco-luglio-2013\/\"]}]},{\"@type\":\"BreadcrumbList\",\"@id\":\"https:\/\/patocco.com\/it\/gallery\/feste-patocco-luglio-2013\/#breadcrumb\",\"itemListElement\":[{\"@type\":\"ListItem\",\"position\":1,\"name\":\"Gallerie Fotographici\",\"item\":\"https:\/\/patocco.com\/it\/gallery\/\"},{\"@type\":\"ListItem\",\"position\":2,\"name\":\"Feste di Patocco Luglio 2013\"}]},{\"@type\":\"WebSite\",\"@id\":\"https:\/\/patocco.com\/it\/#website\",\"url\":\"https:\/\/patocco.com\/it\/\",\"name\":\"Patocco - Val Raccolana (IT)\",\"description\":\"Patocco: Un gioiello negli Alpi Giulie\",\"potentialAction\":[{\"@type\":\"SearchAction\",\"target\":{\"@type\":\"EntryPoint\",\"urlTemplate\":\"https:\/\/patocco.com\/it\/?s={search_term_string}\"},\"query-input\":\"required name=search_term_string\"}],\"inLanguage\":\"it-IT\"}]}<\/script>\n<!-- \/ Yoast SEO plugin. -->","yoast_head_json":{"title":"Feste di Patocco Luglio 2013 - Patocco - Val Raccolana (IT)","description":"La festa del paese - Patocco 14 Luglio 2013 Galleria Foto Per stare insieme con gli amici a mangiare, bere e raccogliere fondi per la chiesa locale","robots":{"index":"index","follow":"follow","max-snippet":"max-snippet:-1","max-image-preview":"max-image-preview:large","max-video-preview":"max-video-preview:-1"},"canonical":"https:\/\/patocco.com\/it\/gallery\/feste-patocco-luglio-2013\/","og_locale":"it_IT","og_type":"article","og_title":"Feste di Patocco Luglio 2013 - Patocco - Val Raccolana (IT)","og_description":"La festa del paese - Patocco 14 Luglio 2013 Galleria Foto Per stare insieme con gli amici a mangiare, bere e raccogliere fondi per la chiesa locale","og_url":"https:\/\/patocco.com\/it\/gallery\/feste-patocco-luglio-2013\/","og_site_name":"Patocco - Val Raccolana (IT)","article_modified_time":"2014-07-12T12:03:02+00:00","og_image":[{"width":800,"height":600,"url":"https:\/\/patocco.com\/it\/wp-content\/uploads\/sites\/2\/2014\/06\/patocco-feste2.jpg","type":"image\/jpeg"}],"schema":{"@context":"https:\/\/schema.org","@graph":[{"@type":"WebPage","@id":"https:\/\/patocco.com\/it\/gallery\/feste-patocco-luglio-2013\/","url":"https:\/\/patocco.com\/it\/gallery\/feste-patocco-luglio-2013\/","name":"Feste di Patocco Luglio 2013 - Patocco - Val Raccolana (IT)","isPartOf":{"@id":"https:\/\/patocco.com\/it\/#website"},"datePublished":"2014-07-12T03:00:55+00:00","dateModified":"2014-07-12T12:03:02+00:00","description":"La festa del paese - Patocco 14 Luglio 2013 Galleria Foto Per stare insieme con gli amici a mangiare, bere e raccogliere fondi per la chiesa locale","breadcrumb":{"@id":"https:\/\/patocco.com\/it\/gallery\/feste-patocco-luglio-2013\/#breadcrumb"},"inLanguage":"it-IT","potentialAction":[{"@type":"ReadAction","target":["https:\/\/patocco.com\/it\/gallery\/feste-patocco-luglio-2013\/"]}]},{"@type":"BreadcrumbList","@id":"https:\/\/patocco.com\/it\/gallery\/feste-patocco-luglio-2013\/#breadcrumb","itemListElement":[{"@type":"ListItem","position":1,"name":"Gallerie Fotographici","item":"https:\/\/patocco.com\/it\/gallery\/"},{"@type":"ListItem","position":2,"name":"Feste di Patocco Luglio 2013"}]},{"@type":"WebSite","@id":"https:\/\/patocco.com\/it\/#website","url":"https:\/\/patocco.com\/it\/","name":"Patocco - Val Raccolana (IT)","description":"Patocco: Un gioiello negli Alpi Giulie","potentialAction":[{"@type":"SearchAction","target":{"@type":"EntryPoint","urlTemplate":"https:\/\/patocco.com\/it\/?s={search_term_string}"},"query-input":"required name=search_term_string"}],"inLanguage":"it-IT"}]}},"_links":{"self":[{"href":"https:\/\/patocco.com\/it\/wp-json\/wp\/v2\/pages\/140","targetHints":{"allow":["GET"]}}],"collection":[{"href":"https:\/\/patocco.com\/it\/wp-json\/wp\/v2\/pages"}],"about":[{"href":"https:\/\/patocco.com\/it\/wp-json\/wp\/v2\/types\/page"}],"author":[{"embeddable":true,"href":"https:\/\/patocco.com\/it\/wp-json\/wp\/v2\/users\/1"}],"replies":[{"embeddable":true,"href":"https:\/\/patocco.com\/it\/wp-json\/wp\/v2\/comments?post=140"}],"version-history":[{"count":3,"href":"https:\/\/patocco.com\/it\/wp-json\/wp\/v2\/pages\/140\/revisions"}],"predecessor-version":[{"id":143,"href":"https:\/\/patocco.com\/it\/wp-json\/wp\/v2\/pages\/140\/revisions\/143"}],"up":[{"embeddable":true,"href":"https:\/\/patocco.com\/it\/wp-json\/wp\/v2\/pages\/8"}],"wp:featuredmedia":[{"embeddable":true,"href":"https:\/\/patocco.com\/it\/wp-json\/wp\/v2\/media\/118"}],"wp:attachment":[{"href":"https:\/\/patocco.com\/it\/wp-json\/wp\/v2\/media?parent=140"}],"curies":[{"name":"wp","href":"https:\/\/api.w.org\/{rel}","templated":true}]}}