{"id":357,"date":"2018-08-04T18:30:21","date_gmt":"2018-08-04T16:30:21","guid":{"rendered":"http:\/\/patocco.com\/it\/?page_id=357"},"modified":"2018-08-04T18:31:20","modified_gmt":"2018-08-04T16:31:20","slug":"la-foresta-morente-tre-anni-dopo","status":"publish","type":"page","link":"https:\/\/patocco.com\/it\/gallery\/la-foresta-morente-tre-anni-dopo\/","title":{"rendered":"La foresta morente &#8211; tre anni dopo"},"content":{"rendered":"\n\t\t\t<div id='357-1' class='gallery gallery-357 gallery-columns-4 gallery-size-thumbnail' itemscope itemtype='http:\/\/schema.org\/ImageGallery'>\n\t\t\t\t<div class='gallery-row gallery-col-4 gallery-clear'>\n\t\t\t\t\t<figure class='gallery-item col-4' itemprop='associatedMedia' itemscope itemtype='http:\/\/schema.org\/ImageObject'>\n\t\t\t\t\t\t<div class='gallery-icon landscape'><a data-gal=\"prettyPhoto[gallery-357]\" href='https:\/\/patocco.com\/it\/wp-content\/uploads\/2018\/08\/gran-cuel-august-2016-verso-castelat.jpg' itemprop=\"contentURL\"><img loading=\"lazy\" decoding=\"async\" width=\"120\" height=\"90\" src=\"https:\/\/patocco.com\/it\/wp-content\/uploads\/2018\/08\/gran-cuel-august-2016-verso-castelat-120x90.jpg\" class=\"attachment-thumbnail size-thumbnail\" alt=\"\" itemprop=\"thumbnail\" \/><\/a><\/div>\n\t\t\t\t\t<\/figure>\n\t\t\t\t\t<figure class='gallery-item col-4' itemprop='associatedMedia' itemscope itemtype='http:\/\/schema.org\/ImageObject'>\n\t\t\t\t\t\t<div class='gallery-icon landscape'><a data-gal=\"prettyPhoto[gallery-357]\" href='https:\/\/patocco.com\/it\/wp-content\/uploads\/2018\/08\/gran-cuel-august-2016-verso-castelat-3.jpg' itemprop=\"contentURL\"><img loading=\"lazy\" decoding=\"async\" width=\"120\" height=\"90\" src=\"https:\/\/patocco.com\/it\/wp-content\/uploads\/2018\/08\/gran-cuel-august-2016-verso-castelat-3-120x90.jpg\" class=\"attachment-thumbnail size-thumbnail\" alt=\"\" itemprop=\"thumbnail\" \/><\/a><\/div>\n\t\t\t\t\t<\/figure>\n\t\t\t\t\t<figure class='gallery-item col-4' itemprop='associatedMedia' itemscope itemtype='http:\/\/schema.org\/ImageObject'>\n\t\t\t\t\t\t<div class='gallery-icon landscape'><a data-gal=\"prettyPhoto[gallery-357]\" href='https:\/\/patocco.com\/it\/wp-content\/uploads\/2018\/08\/gran-cuel-august-2016-pulizia-del-sentiero-.jpg' itemprop=\"contentURL\"><img loading=\"lazy\" decoding=\"async\" width=\"120\" height=\"90\" src=\"https:\/\/patocco.com\/it\/wp-content\/uploads\/2018\/08\/gran-cuel-august-2016-pulizia-del-sentiero--120x90.jpg\" class=\"attachment-thumbnail size-thumbnail\" alt=\"\" itemprop=\"thumbnail\" \/><\/a><\/div>\n\t\t\t\t\t<\/figure>\n\t\t\t\t\t<figure class='gallery-item col-4' itemprop='associatedMedia' itemscope itemtype='http:\/\/schema.org\/ImageObject'>\n\t\t\t\t\t\t<div class='gallery-icon landscape'><a data-gal=\"prettyPhoto[gallery-357]\" href='https:\/\/patocco.com\/it\/wp-content\/uploads\/2018\/08\/gran-cuel-august-2016-il-621-alberi-caduti.jpg' itemprop=\"contentURL\"><img loading=\"lazy\" decoding=\"async\" width=\"120\" height=\"90\" src=\"https:\/\/patocco.com\/it\/wp-content\/uploads\/2018\/08\/gran-cuel-august-2016-il-621-alberi-caduti-120x90.jpg\" class=\"attachment-thumbnail size-thumbnail\" alt=\"\" itemprop=\"thumbnail\" \/><\/a><\/div>\n\t\t\t\t\t<\/figure>\n\t\t\t\t<\/div>\n\t\t\t\t<div class='gallery-row gallery-col-4 gallery-clear'>\n\t\t\t\t\t<figure class='gallery-item col-4' itemprop='associatedMedia' itemscope itemtype='http:\/\/schema.org\/ImageObject'>\n\t\t\t\t\t\t<div class='gallery-icon landscape'><a data-gal=\"prettyPhoto[gallery-357]\" href='https:\/\/patocco.com\/it\/wp-content\/uploads\/2018\/08\/gran-cuel-august-2016-qulacosa-rimsta-viva-.jpg' itemprop=\"contentURL\"><img loading=\"lazy\" decoding=\"async\" width=\"120\" height=\"90\" src=\"https:\/\/patocco.com\/it\/wp-content\/uploads\/2018\/08\/gran-cuel-august-2016-qulacosa-rimsta-viva--120x90.jpg\" class=\"attachment-thumbnail size-thumbnail\" alt=\"\" itemprop=\"thumbnail\" \/><\/a><\/div>\n\t\t\t\t\t<\/figure>\n\t\t\t\t\t<figure class='gallery-item col-4' itemprop='associatedMedia' itemscope itemtype='http:\/\/schema.org\/ImageObject'>\n\t\t\t\t\t\t<div class='gallery-icon landscape'><a data-gal=\"prettyPhoto[gallery-357]\" href='https:\/\/patocco.com\/it\/wp-content\/uploads\/2018\/08\/gran-cuel-august-2016-il-sentiero-621.jpg' itemprop=\"contentURL\"><img loading=\"lazy\" decoding=\"async\" width=\"120\" height=\"90\" src=\"https:\/\/patocco.com\/it\/wp-content\/uploads\/2018\/08\/gran-cuel-august-2016-il-sentiero-621-120x90.jpg\" class=\"attachment-thumbnail size-thumbnail\" alt=\"\" itemprop=\"thumbnail\" \/><\/a><\/div>\n\t\t\t\t\t<\/figure>\n\t\t\t\t\t<figure class='gallery-item col-4' itemprop='associatedMedia' itemscope itemtype='http:\/\/schema.org\/ImageObject'>\n\t\t\t\t\t\t<div class='gallery-icon landscape'><a data-gal=\"prettyPhoto[gallery-357]\" href='https:\/\/patocco.com\/it\/wp-content\/uploads\/2018\/08\/gran-cuel-august-2016-il-setiero.jpg' itemprop=\"contentURL\"><img loading=\"lazy\" decoding=\"async\" width=\"120\" height=\"90\" src=\"https:\/\/patocco.com\/it\/wp-content\/uploads\/2018\/08\/gran-cuel-august-2016-il-setiero-120x90.jpg\" class=\"attachment-thumbnail size-thumbnail\" alt=\"\" itemprop=\"thumbnail\" \/><\/a><\/div>\n\t\t\t\t\t<\/figure>\n\t\t\t\t\t<figure class='gallery-item col-4' itemprop='associatedMedia' itemscope itemtype='http:\/\/schema.org\/ImageObject'>\n\t\t\t\t\t\t<div class='gallery-icon landscape'><a data-gal=\"prettyPhoto[gallery-357]\" href='https:\/\/patocco.com\/it\/wp-content\/uploads\/2018\/08\/gran-cuel-august-2016-verso-castelat-2.jpg' itemprop=\"contentURL\"><img loading=\"lazy\" decoding=\"async\" width=\"120\" height=\"90\" src=\"https:\/\/patocco.com\/it\/wp-content\/uploads\/2018\/08\/gran-cuel-august-2016-verso-castelat-2-120x90.jpg\" class=\"attachment-thumbnail size-thumbnail\" alt=\"\" itemprop=\"thumbnail\" \/><\/a><\/div>\n\t\t\t\t\t<\/figure>\n\t\t\t\t<\/div>\n\t\t\t\t<div class='gallery-row gallery-col-4 gallery-clear'>\n\t\t\t\t\t<figure class='gallery-item col-4' itemprop='associatedMedia' itemscope itemtype='http:\/\/schema.org\/ImageObject'>\n\t\t\t\t\t\t<div class='gallery-icon landscape'><a data-gal=\"prettyPhoto[gallery-357]\" href='https:\/\/patocco.com\/it\/wp-content\/uploads\/2018\/08\/gran-cuel-august-2016-il-621-alberi-caduti2-.jpg' itemprop=\"contentURL\"><img loading=\"lazy\" decoding=\"async\" width=\"120\" height=\"90\" src=\"https:\/\/patocco.com\/it\/wp-content\/uploads\/2018\/08\/gran-cuel-august-2016-il-621-alberi-caduti2--120x90.jpg\" class=\"attachment-thumbnail size-thumbnail\" alt=\"\" itemprop=\"thumbnail\" \/><\/a><\/div>\n\t\t\t\t\t<\/figure>\n\t\t\t\t\t<figure class='gallery-item col-4' itemprop='associatedMedia' itemscope itemtype='http:\/\/schema.org\/ImageObject'>\n\t\t\t\t\t\t<div class='gallery-icon landscape'><a data-gal=\"prettyPhoto[gallery-357]\" href='https:\/\/patocco.com\/it\/wp-content\/uploads\/2018\/08\/gran-cuel-august-2016-qulacosa-rimsta-viva.jpg' itemprop=\"contentURL\"><img loading=\"lazy\" decoding=\"async\" width=\"120\" height=\"90\" src=\"https:\/\/patocco.com\/it\/wp-content\/uploads\/2018\/08\/gran-cuel-august-2016-qulacosa-rimsta-viva-120x90.jpg\" class=\"attachment-thumbnail size-thumbnail\" alt=\"\" itemprop=\"thumbnail\" \/><\/a><\/div>\n\t\t\t\t\t<\/figure>\n\t\t\t\t\t<figure class='gallery-item col-4' itemprop='associatedMedia' itemscope itemtype='http:\/\/schema.org\/ImageObject'>\n\t\t\t\t\t\t<div class='gallery-icon landscape'><a data-gal=\"prettyPhoto[gallery-357]\" href='https:\/\/patocco.com\/it\/wp-content\/uploads\/2018\/08\/gran-cuel-august-2016-il-sentiero-621-2.jpg' itemprop=\"contentURL\"><img loading=\"lazy\" decoding=\"async\" width=\"120\" height=\"90\" src=\"https:\/\/patocco.com\/it\/wp-content\/uploads\/2018\/08\/gran-cuel-august-2016-il-sentiero-621-2-120x90.jpg\" class=\"attachment-thumbnail size-thumbnail\" alt=\"\" itemprop=\"thumbnail\" \/><\/a><\/div>\n\t\t\t\t\t<\/figure>\n\t\t\t\t\t<figure class='gallery-item col-4' itemprop='associatedMedia' itemscope itemtype='http:\/\/schema.org\/ImageObject'>\n\t\t\t\t\t\t<div class='gallery-icon landscape'><a data-gal=\"prettyPhoto[gallery-357]\" href='https:\/\/patocco.com\/it\/wp-content\/uploads\/2018\/08\/gran-cuel-august-2016-il-sentiero-3.jpg' itemprop=\"contentURL\"><img loading=\"lazy\" decoding=\"async\" width=\"120\" height=\"90\" src=\"https:\/\/patocco.com\/it\/wp-content\/uploads\/2018\/08\/gran-cuel-august-2016-il-sentiero-3-120x90.jpg\" class=\"attachment-thumbnail size-thumbnail\" alt=\"\" itemprop=\"thumbnail\" \/><\/a><\/div>\n\t\t\t\t\t<\/figure>\n\t\t\t\t<\/div>\n\t\t\t\t<div class='gallery-row gallery-col-4 gallery-clear'>\n\t\t\t\t\t<figure class='gallery-item col-4' itemprop='associatedMedia' itemscope itemtype='http:\/\/schema.org\/ImageObject'>\n\t\t\t\t\t\t<div class='gallery-icon landscape'><a data-gal=\"prettyPhoto[gallery-357]\" href='https:\/\/patocco.com\/it\/wp-content\/uploads\/2018\/08\/gran-cuel-august-2016-il-setiero-2.jpg' itemprop=\"contentURL\"><img loading=\"lazy\" decoding=\"async\" width=\"120\" height=\"90\" src=\"https:\/\/patocco.com\/it\/wp-content\/uploads\/2018\/08\/gran-cuel-august-2016-il-setiero-2-120x90.jpg\" class=\"attachment-thumbnail size-thumbnail\" alt=\"\" itemprop=\"thumbnail\" \/><\/a><\/div>\n\t\t\t\t\t<\/figure>\n\t\t\t\t\t<figure class='gallery-item col-4' itemprop='associatedMedia' itemscope itemtype='http:\/\/schema.org\/ImageObject'>\n\t\t\t\t\t\t<div class='gallery-icon landscape'><a data-gal=\"prettyPhoto[gallery-357]\" href='https:\/\/patocco.com\/it\/wp-content\/uploads\/2018\/08\/gran-cuel-august-2016-il-sentiero-4.jpg' itemprop=\"contentURL\"><img loading=\"lazy\" decoding=\"async\" width=\"120\" height=\"90\" src=\"https:\/\/patocco.com\/it\/wp-content\/uploads\/2018\/08\/gran-cuel-august-2016-il-sentiero-4-120x90.jpg\" class=\"attachment-thumbnail size-thumbnail\" alt=\"\" itemprop=\"thumbnail\" \/><\/a><\/div>\n\t\t\t\t\t<\/figure>\n\t\t\t\t\t<figure class='gallery-item col-4' itemprop='associatedMedia' itemscope itemtype='http:\/\/schema.org\/ImageObject'>\n\t\t\t\t\t\t<div class='gallery-icon landscape'><a data-gal=\"prettyPhoto[gallery-357]\" href='https:\/\/patocco.com\/it\/wp-content\/uploads\/2018\/08\/gran-cuel-august-2016-il-sbrici.jpg' itemprop=\"contentURL\"><img loading=\"lazy\" decoding=\"async\" width=\"120\" height=\"90\" src=\"https:\/\/patocco.com\/it\/wp-content\/uploads\/2018\/08\/gran-cuel-august-2016-il-sbrici-120x90.jpg\" class=\"attachment-thumbnail size-thumbnail\" alt=\"\" itemprop=\"thumbnail\" \/><\/a><\/div>\n\t\t\t\t\t<\/figure>\n\t\t\t\t\t<figure class='gallery-item col-4' itemprop='associatedMedia' itemscope itemtype='http:\/\/schema.org\/ImageObject'>\n\t\t\t\t\t\t<div class='gallery-icon landscape'><a data-gal=\"prettyPhoto[gallery-357]\" href='https:\/\/patocco.com\/it\/wp-content\/uploads\/2018\/08\/gran-cuel-august-2016-bivio-del-chinop.jpg' itemprop=\"contentURL\"><img loading=\"lazy\" decoding=\"async\" width=\"120\" height=\"90\" src=\"https:\/\/patocco.com\/it\/wp-content\/uploads\/2018\/08\/gran-cuel-august-2016-bivio-del-chinop-120x90.jpg\" class=\"attachment-thumbnail size-thumbnail\" alt=\"\" itemprop=\"thumbnail\" \/><\/a><\/div>\n\t\t\t\t\t<\/figure>\n\t\t\t\t<\/div>\n\t\t\t\t<div class='gallery-row gallery-col-4 gallery-clear'>\n\t\t\t\t\t<figure class='gallery-item col-4' itemprop='associatedMedia' itemscope itemtype='http:\/\/schema.org\/ImageObject'>\n\t\t\t\t\t\t<div class='gallery-icon landscape'><a data-gal=\"prettyPhoto[gallery-357]\" href='https:\/\/patocco.com\/it\/wp-content\/uploads\/2018\/08\/gran-cuel-august-2016-alberi-sechhi-3.jpg' itemprop=\"contentURL\"><img loading=\"lazy\" decoding=\"async\" width=\"120\" height=\"90\" src=\"https:\/\/patocco.com\/it\/wp-content\/uploads\/2018\/08\/gran-cuel-august-2016-alberi-sechhi-3-120x90.jpg\" class=\"attachment-thumbnail size-thumbnail\" alt=\"\" itemprop=\"thumbnail\" \/><\/a><\/div>\n\t\t\t\t\t<\/figure>\n\t\t\t\t\t<figure class='gallery-item col-4' itemprop='associatedMedia' itemscope itemtype='http:\/\/schema.org\/ImageObject'>\n\t\t\t\t\t\t<div class='gallery-icon landscape'><a data-gal=\"prettyPhoto[gallery-357]\" href='https:\/\/patocco.com\/it\/wp-content\/uploads\/2018\/08\/gran-cuel-august-2016-il-sbrici-2.jpg' itemprop=\"contentURL\"><img loading=\"lazy\" decoding=\"async\" width=\"120\" height=\"90\" src=\"https:\/\/patocco.com\/it\/wp-content\/uploads\/2018\/08\/gran-cuel-august-2016-il-sbrici-2-120x90.jpg\" class=\"attachment-thumbnail size-thumbnail\" alt=\"\" itemprop=\"thumbnail\" \/><\/a><\/div>\n\t\t\t\t\t<\/figure>\n\t\t\t\t\t<figure class='gallery-item col-4' itemprop='associatedMedia' itemscope itemtype='http:\/\/schema.org\/ImageObject'>\n\t\t\t\t\t\t<div class='gallery-icon landscape'><a data-gal=\"prettyPhoto[gallery-357]\" href='https:\/\/patocco.com\/it\/wp-content\/uploads\/2018\/08\/gran-cuel-august-2016-dead-trees-and-undergrowth.jpg' itemprop=\"contentURL\"><img loading=\"lazy\" decoding=\"async\" width=\"120\" height=\"90\" src=\"https:\/\/patocco.com\/it\/wp-content\/uploads\/2018\/08\/gran-cuel-august-2016-dead-trees-and-undergrowth-120x90.jpg\" class=\"attachment-thumbnail size-thumbnail\" alt=\"\" itemprop=\"thumbnail\" \/><\/a><\/div>\n\t\t\t\t\t<\/figure>\n\t\t\t\t\t<figure class='gallery-item col-4' itemprop='associatedMedia' itemscope itemtype='http:\/\/schema.org\/ImageObject'>\n\t\t\t\t\t\t<div class='gallery-icon landscape'><a data-gal=\"prettyPhoto[gallery-357]\" href='https:\/\/patocco.com\/it\/wp-content\/uploads\/2018\/08\/gran-cuel-august-2016-il-sbrici-3.jpg' itemprop=\"contentURL\"><img loading=\"lazy\" decoding=\"async\" width=\"120\" height=\"90\" src=\"https:\/\/patocco.com\/it\/wp-content\/uploads\/2018\/08\/gran-cuel-august-2016-il-sbrici-3-120x90.jpg\" class=\"attachment-thumbnail size-thumbnail\" alt=\"\" itemprop=\"thumbnail\" \/><\/a><\/div>\n\t\t\t\t\t<\/figure>\n\t\t\t\t<\/div>\n\t\t\t\t<div class='gallery-row gallery-col-4 gallery-clear'>\n\t\t\t\t\t<figure class='gallery-item col-4' itemprop='associatedMedia' itemscope itemtype='http:\/\/schema.org\/ImageObject'>\n\t\t\t\t\t\t<div class='gallery-icon landscape'><a data-gal=\"prettyPhoto[gallery-357]\" href='https:\/\/patocco.com\/it\/wp-content\/uploads\/2018\/08\/gran-cuel-august-2016-alberi-sechhi.jpg' itemprop=\"contentURL\"><img loading=\"lazy\" decoding=\"async\" width=\"120\" height=\"90\" src=\"https:\/\/patocco.com\/it\/wp-content\/uploads\/2018\/08\/gran-cuel-august-2016-alberi-sechhi-120x90.jpg\" class=\"attachment-thumbnail size-thumbnail\" alt=\"\" itemprop=\"thumbnail\" \/><\/a><\/div>\n\t\t\t\t\t<\/figure>\n\t\t\t\t\t<figure class='gallery-item col-4' itemprop='associatedMedia' itemscope itemtype='http:\/\/schema.org\/ImageObject'>\n\t\t\t\t\t\t<div class='gallery-icon landscape'><a data-gal=\"prettyPhoto[gallery-357]\" href='https:\/\/patocco.com\/it\/wp-content\/uploads\/2018\/08\/gran-cuel-august-2016-fallen-trees.jpg' itemprop=\"contentURL\"><img loading=\"lazy\" decoding=\"async\" width=\"120\" height=\"90\" src=\"https:\/\/patocco.com\/it\/wp-content\/uploads\/2018\/08\/gran-cuel-august-2016-fallen-trees-120x90.jpg\" class=\"attachment-thumbnail size-thumbnail\" alt=\"\" itemprop=\"thumbnail\" \/><\/a><\/div>\n\t\t\t\t\t<\/figure>\n\t\t\t\t\t<figure class='gallery-item col-4' itemprop='associatedMedia' itemscope itemtype='http:\/\/schema.org\/ImageObject'>\n\t\t\t\t\t\t<div class='gallery-icon landscape'><a data-gal=\"prettyPhoto[gallery-357]\" href='https:\/\/patocco.com\/it\/wp-content\/uploads\/2018\/08\/gran-cuel-august-2016-devestation-above-chiout-cali.jpg' itemprop=\"contentURL\"><img loading=\"lazy\" decoding=\"async\" width=\"120\" height=\"90\" src=\"https:\/\/patocco.com\/it\/wp-content\/uploads\/2018\/08\/gran-cuel-august-2016-devestation-above-chiout-cali-120x90.jpg\" class=\"attachment-thumbnail size-thumbnail\" alt=\"\" itemprop=\"thumbnail\" \/><\/a><\/div>\n\t\t\t\t\t<\/figure>\n\t\t\t\t\t<figure class='gallery-item col-4' itemprop='associatedMedia' itemscope itemtype='http:\/\/schema.org\/ImageObject'>\n\t\t\t\t\t\t<div class='gallery-icon landscape'><a data-gal=\"prettyPhoto[gallery-357]\" href='https:\/\/patocco.com\/it\/wp-content\/uploads\/2018\/08\/gran-cuel-august-2016-alberi-sechhi-2.jpg' itemprop=\"contentURL\"><img loading=\"lazy\" decoding=\"async\" width=\"120\" height=\"90\" src=\"https:\/\/patocco.com\/it\/wp-content\/uploads\/2018\/08\/gran-cuel-august-2016-alberi-sechhi-2-120x90.jpg\" class=\"attachment-thumbnail size-thumbnail\" alt=\"\" itemprop=\"thumbnail\" \/><\/a><\/div>\n\t\t\t\t\t<\/figure>\n\t\t\t\t<\/div>\n\t\t\t\t<div class='gallery-row gallery-col-4 gallery-clear'>\n\t\t\t\t\t<figure class='gallery-item col-4' itemprop='associatedMedia' itemscope itemtype='http:\/\/schema.org\/ImageObject'>\n\t\t\t\t\t\t<div class='gallery-icon landscape'><a data-gal=\"prettyPhoto[gallery-357]\" href='https:\/\/patocco.com\/it\/wp-content\/uploads\/2018\/08\/gran-cuel-august-2016-alberi-bruciati-sopra-patocco.jpg' itemprop=\"contentURL\"><img loading=\"lazy\" decoding=\"async\" width=\"120\" height=\"90\" src=\"https:\/\/patocco.com\/it\/wp-content\/uploads\/2018\/08\/gran-cuel-august-2016-alberi-bruciati-sopra-patocco-120x90.jpg\" class=\"attachment-thumbnail size-thumbnail\" alt=\"\" itemprop=\"thumbnail\" \/><\/a><\/div>\n\t\t\t\t\t<\/figure>\n\t\t\t<\/div>\n\t\t\t<\/div><!-- .gallery -->\n\n","protected":false},"excerpt":{"rendered":"<h3> Foto da Chinop <\/h3>\n<p>Tre anni dopo il grande incendio.  Queste foto sono state scattate il 15 agosto 2016 sul sentiero da Patocco a Stalla Chinop, e poi sul sentiero 621 verso il montasio per poche centinaia di metri. Mentre parte della vegetazione si \u00e8 ripresa bene, in effetti il 621 \u00e8 quasi invaso, molti alberi che sembravano sopravvissuti al fuoco sono morti. Particolarmente pericolosi sono i faggi ancora in piedi che potrebbero cadere in qualsiasi momento.<\/p>\n<p>Il percorso da Chinop verso Montasio \u00e8 isolato ogni diecina dimetri di metri da alberi caduti.  Ed evitarli pu\u00f2 essere piuttosto arduo, con il rischio che gli alberi lo cadano addosso. Pi\u00f9 avanti, dove la foresta \u00e8 stata riportata alla roccia nuda, l&#8217;acqua ha spazzato via parte del sentiero e alcuni nuovi canali d&#8217;acqua sono burroni profondi 2-3 m che devono essere attraversati.<\/p>\n<p>Tuttavia, il sentiero 620 da Patocco a Chinop \u00e8 stato restaurato con alberi caduti tagliati e grandi lacune nel percorso riparato.<\/p>\n","protected":false},"author":1,"featured_media":358,"parent":8,"menu_order":0,"comment_status":"closed","ping_status":"closed","template":"page-gallery.php","meta":{"footnotes":""},"class_list":["post-357","page","type-page","status-publish","has-post-thumbnail","hentry","wpautop"],"yoast_head":"<!-- This site is optimized with the Yoast SEO plugin v21.8 - https:\/\/yoast.com\/wordpress\/plugins\/seo\/ -->\n<title>La foresta morente - tre anni dopo il grande incendio nel val raccolana<\/title>\n<meta name=\"description\" content=\"Queste foto sono state scattate nell&#039;agosto 2016 tre anni dopo il grande incendio che ha devastato la zona di Monte Jovet e il versante settentrionale della Val Raccolana. Mostrano lo stato disastroso della foresta dove, nonostante il sottobosco abbia recuperato, molti alberi stanno cadendo a terra.\" \/>\n<meta name=\"robots\" content=\"index, follow, max-snippet:-1, max-image-preview:large, max-video-preview:-1\" \/>\n<link rel=\"canonical\" href=\"https:\/\/patocco.com\/it\/gallery\/la-foresta-morente-tre-anni-dopo\/\" \/>\n<meta property=\"og:locale\" content=\"it_IT\" \/>\n<meta property=\"og:type\" content=\"article\" \/>\n<meta property=\"og:title\" content=\"La foresta morente - tre anni dopo il grande incendio nel val raccolana\" \/>\n<meta property=\"og:description\" content=\"Queste foto sono state scattate nell&#039;agosto 2016 tre anni dopo il grande incendio che ha devastato la zona di Monte Jovet e il versante settentrionale della Val Raccolana. Mostrano lo stato disastroso della foresta dove, nonostante il sottobosco abbia recuperato, molti alberi stanno cadendo a terra.\" \/>\n<meta property=\"og:url\" content=\"https:\/\/patocco.com\/it\/gallery\/la-foresta-morente-tre-anni-dopo\/\" \/>\n<meta property=\"og:site_name\" content=\"Patocco - Val Raccolana (IT)\" \/>\n<meta property=\"article:modified_time\" content=\"2018-08-04T16:31:20+00:00\" \/>\n<meta property=\"og:image\" content=\"https:\/\/patocco.com\/it\/wp-content\/uploads\/sites\/2\/2018\/08\/gran-cuel-august-2016-fallen-trees.jpg\" \/>\n\t<meta property=\"og:image:width\" content=\"1024\" \/>\n\t<meta property=\"og:image:height\" content=\"576\" \/>\n\t<meta property=\"og:image:type\" content=\"image\/jpeg\" \/>\n<script type=\"application\/ld+json\" class=\"yoast-schema-graph\">{\"@context\":\"https:\/\/schema.org\",\"@graph\":[{\"@type\":\"WebPage\",\"@id\":\"https:\/\/patocco.com\/it\/gallery\/la-foresta-morente-tre-anni-dopo\/\",\"url\":\"https:\/\/patocco.com\/it\/gallery\/la-foresta-morente-tre-anni-dopo\/\",\"name\":\"La foresta morente - tre anni dopo il grande incendio nel val raccolana\",\"isPartOf\":{\"@id\":\"https:\/\/patocco.com\/it\/#website\"},\"datePublished\":\"2018-08-04T16:30:21+00:00\",\"dateModified\":\"2018-08-04T16:31:20+00:00\",\"description\":\"Queste foto sono state scattate nell'agosto 2016 tre anni dopo il grande incendio che ha devastato la zona di Monte Jovet e il versante settentrionale della Val Raccolana. Mostrano lo stato disastroso della foresta dove, nonostante il sottobosco abbia recuperato, molti alberi stanno cadendo a terra.\",\"breadcrumb\":{\"@id\":\"https:\/\/patocco.com\/it\/gallery\/la-foresta-morente-tre-anni-dopo\/#breadcrumb\"},\"inLanguage\":\"it-IT\",\"potentialAction\":[{\"@type\":\"ReadAction\",\"target\":[\"https:\/\/patocco.com\/it\/gallery\/la-foresta-morente-tre-anni-dopo\/\"]}]},{\"@type\":\"BreadcrumbList\",\"@id\":\"https:\/\/patocco.com\/it\/gallery\/la-foresta-morente-tre-anni-dopo\/#breadcrumb\",\"itemListElement\":[{\"@type\":\"ListItem\",\"position\":1,\"name\":\"Gallerie Fotographici\",\"item\":\"https:\/\/patocco.com\/it\/gallery\/\"},{\"@type\":\"ListItem\",\"position\":2,\"name\":\"La foresta morente &#8211; tre anni dopo\"}]},{\"@type\":\"WebSite\",\"@id\":\"https:\/\/patocco.com\/it\/#website\",\"url\":\"https:\/\/patocco.com\/it\/\",\"name\":\"Patocco - Val Raccolana (IT)\",\"description\":\"Patocco: Un gioiello negli Alpi Giulie\",\"potentialAction\":[{\"@type\":\"SearchAction\",\"target\":{\"@type\":\"EntryPoint\",\"urlTemplate\":\"https:\/\/patocco.com\/it\/?s={search_term_string}\"},\"query-input\":\"required name=search_term_string\"}],\"inLanguage\":\"it-IT\"}]}<\/script>\n<!-- \/ Yoast SEO plugin. -->","yoast_head_json":{"title":"La foresta morente - tre anni dopo il grande incendio nel val raccolana","description":"Queste foto sono state scattate nell'agosto 2016 tre anni dopo il grande incendio che ha devastato la zona di Monte Jovet e il versante settentrionale della Val Raccolana. Mostrano lo stato disastroso della foresta dove, nonostante il sottobosco abbia recuperato, molti alberi stanno cadendo a terra.","robots":{"index":"index","follow":"follow","max-snippet":"max-snippet:-1","max-image-preview":"max-image-preview:large","max-video-preview":"max-video-preview:-1"},"canonical":"https:\/\/patocco.com\/it\/gallery\/la-foresta-morente-tre-anni-dopo\/","og_locale":"it_IT","og_type":"article","og_title":"La foresta morente - tre anni dopo il grande incendio nel val raccolana","og_description":"Queste foto sono state scattate nell'agosto 2016 tre anni dopo il grande incendio che ha devastato la zona di Monte Jovet e il versante settentrionale della Val Raccolana. Mostrano lo stato disastroso della foresta dove, nonostante il sottobosco abbia recuperato, molti alberi stanno cadendo a terra.","og_url":"https:\/\/patocco.com\/it\/gallery\/la-foresta-morente-tre-anni-dopo\/","og_site_name":"Patocco - Val Raccolana (IT)","article_modified_time":"2018-08-04T16:31:20+00:00","og_image":[{"width":1024,"height":576,"url":"https:\/\/patocco.com\/it\/wp-content\/uploads\/sites\/2\/2018\/08\/gran-cuel-august-2016-fallen-trees.jpg","type":"image\/jpeg"}],"schema":{"@context":"https:\/\/schema.org","@graph":[{"@type":"WebPage","@id":"https:\/\/patocco.com\/it\/gallery\/la-foresta-morente-tre-anni-dopo\/","url":"https:\/\/patocco.com\/it\/gallery\/la-foresta-morente-tre-anni-dopo\/","name":"La foresta morente - tre anni dopo il grande incendio nel val raccolana","isPartOf":{"@id":"https:\/\/patocco.com\/it\/#website"},"datePublished":"2018-08-04T16:30:21+00:00","dateModified":"2018-08-04T16:31:20+00:00","description":"Queste foto sono state scattate nell'agosto 2016 tre anni dopo il grande incendio che ha devastato la zona di Monte Jovet e il versante settentrionale della Val Raccolana. Mostrano lo stato disastroso della foresta dove, nonostante il sottobosco abbia recuperato, molti alberi stanno cadendo a terra.","breadcrumb":{"@id":"https:\/\/patocco.com\/it\/gallery\/la-foresta-morente-tre-anni-dopo\/#breadcrumb"},"inLanguage":"it-IT","potentialAction":[{"@type":"ReadAction","target":["https:\/\/patocco.com\/it\/gallery\/la-foresta-morente-tre-anni-dopo\/"]}]},{"@type":"BreadcrumbList","@id":"https:\/\/patocco.com\/it\/gallery\/la-foresta-morente-tre-anni-dopo\/#breadcrumb","itemListElement":[{"@type":"ListItem","position":1,"name":"Gallerie Fotographici","item":"https:\/\/patocco.com\/it\/gallery\/"},{"@type":"ListItem","position":2,"name":"La foresta morente &#8211; tre anni dopo"}]},{"@type":"WebSite","@id":"https:\/\/patocco.com\/it\/#website","url":"https:\/\/patocco.com\/it\/","name":"Patocco - Val Raccolana (IT)","description":"Patocco: Un gioiello negli Alpi Giulie","potentialAction":[{"@type":"SearchAction","target":{"@type":"EntryPoint","urlTemplate":"https:\/\/patocco.com\/it\/?s={search_term_string}"},"query-input":"required name=search_term_string"}],"inLanguage":"it-IT"}]}},"_links":{"self":[{"href":"https:\/\/patocco.com\/it\/wp-json\/wp\/v2\/pages\/357","targetHints":{"allow":["GET"]}}],"collection":[{"href":"https:\/\/patocco.com\/it\/wp-json\/wp\/v2\/pages"}],"about":[{"href":"https:\/\/patocco.com\/it\/wp-json\/wp\/v2\/types\/page"}],"author":[{"embeddable":true,"href":"https:\/\/patocco.com\/it\/wp-json\/wp\/v2\/users\/1"}],"replies":[{"embeddable":true,"href":"https:\/\/patocco.com\/it\/wp-json\/wp\/v2\/comments?post=357"}],"version-history":[{"count":2,"href":"https:\/\/patocco.com\/it\/wp-json\/wp\/v2\/pages\/357\/revisions"}],"predecessor-version":[{"id":360,"href":"https:\/\/patocco.com\/it\/wp-json\/wp\/v2\/pages\/357\/revisions\/360"}],"up":[{"embeddable":true,"href":"https:\/\/patocco.com\/it\/wp-json\/wp\/v2\/pages\/8"}],"wp:featuredmedia":[{"embeddable":true,"href":"https:\/\/patocco.com\/it\/wp-json\/wp\/v2\/media\/358"}],"wp:attachment":[{"href":"https:\/\/patocco.com\/it\/wp-json\/wp\/v2\/media?parent=357"}],"curies":[{"name":"wp","href":"https:\/\/api.w.org\/{rel}","templated":true}]}}