{"id":6,"date":"2014-06-03T05:24:53","date_gmt":"2014-06-03T05:24:53","guid":{"rendered":"http:\/\/patocco.com\/?page_id=6"},"modified":"2024-01-15T06:07:47","modified_gmt":"2024-01-15T05:07:47","slug":"about-patocco-val-raccolana","status":"publish","type":"page","link":"https:\/\/patocco.com\/it\/about-patocco-val-raccolana\/","title":{"rendered":"Informazione sul Patocco"},"content":{"rendered":"<h2>Un paradiso nelle montagne del Friuli nel Val Raccolana<\/h2>\n<p>Il paradiso del paesino montano, Pattoco sorge in alta della Val Raccolana, che fa parte delle Alpi Giulie della regione Friuli Venezia Giulia, vicino ai confini con l&#8217;Austria e la Slovenia. Patocco \u00e8 la destinazione finale di una strada tortuosa che sale sette chilometri dalla strada principale pi\u00f9 vicina, e d\u00e0 al paese un ambiente isolato remoto e tranquillo. Il paese \u00e8 composto da tre piccoli borghi di case tradizionali in pietra e si trova su un colle tra la Val Raccolana e Rio Patoc.<\/p>\n<h2>Cartina di Pattoco<\/h2>\n<div id=\"map-placeholder\">\n<img loading=\"lazy\" decoding=\"async\" src=\"https:\/\/patocco.com\/wp-content\/uploads\/2014\/06\/Patocco-svg-map.png\" alt=\"Pattoco map - scaleable replacement\" width=\"480\" height=\"323\" class=\"aligncenter size-full wp-image-991\" \/><\/div>\n<p><object id=\"pattoco-map\" data=\"https:\/\/patocco.com\/wp-content\/themes\/patocco\/maps\/Patocco_map1.svg\" type=\"image\/svg+xml\"><\/object><\/p>\n<p>Il \u00c7uc (in lingua friulano) \u00e8 il borgo pi\u00f9 alto a 801 metri slm e ha le viste pi\u00f9 splendide. Il Borc di Mie\u00e7 \u00e8 il secondo borgo che circonda un parcheggio trascurato dalla Chiesa di Patocco, mentre <a href=\"https:\/\/patocco.com\/it\/gallery\/borgo-sotto-patocco-foto\/\" title=\"Le Foto di Chiut di Sot\" rel=\"noopener\" target=\"_blank\">Chiout di Sot<\/a> \u00e8 la terzo borgo sul sentiero che conduce a Rio Patocco.<\/p>\n<figure class=\"wp-caption alignright\" style=\"width: 260px\"><a href=\"http:\/\/patocco.com\/wp-content\/uploads\/2014\/06\/Church_snow.jpg\"><img loading=\"lazy\" decoding=\"async\" src=\"http:\/\/patocco.com\/wp-content\/uploads\/2014\/06\/Church_snow-250x250.jpg\" alt=\"La Chiesa di Patocco con la neve\" width=\"250\" height=\"250\" class=\"alignright size-medium wp-image-86\" \/><\/a><figcaption class=\"wp-caption-text\">La chiesa di Patocco<\/figcaption><\/figure>\n<p>La chiesa di Patocco \u00e8 uno degli edifici pi\u00f9 iconici e un punto di riferimento per tutta la Val Raccolana. Questo compatto ma ben costruito struttura in pietra \u00e8 situata su una piccola collina che offre una splendida vista sulla valle. Si tratta di un vero e proprio omaggio alla maestria degli abitanti del villaggio che costruirono qui molto prima Patocco goduto strada di accesso. Il campanile contiene tre campane che ancora suonano per annunciare la messa di Domenica nei mesi estivi.<\/p>\n<p>Patocco era tipico di un borgo agricolo di montagna di sussistenza e prima della grande guerra avuto fino a 130 abitanti. Bovini sono stati tenuti in piccole stalle al coperto per tutto l&#8217;inverno e il latte utilizzato per fare il formaggio. Nelle case tipiche, la famiglia ha vissuto al di sopra dei bovini per sfruttare il loro calore, mentre sottotetto \u00e8 stato utilizzato per tenere l&#8217;inverno mangimi fieno. Nei mesi estivi, il bestiame sono stati portati al altipiano erboso del Montasio a pascolare, mentre gli abitanti del villaggio scalato le vette vicine per fare il fieno per l&#8217;inverno. Tutti i terreni a disposizione \u00e8 stato utilizzato per coltivare le verdure, in particolare fagioli e patate che possono essere conservati durante l&#8217;inverno.<\/p>\n<p>La povert\u00e0 nella prima met\u00e0 del secolo scorso ha causato molti paesani da emigrare in posti come Francia, America e Sud America. Negli anni Cinquanta e Sessanta, l&#8217;esodo continu\u00f2 e molti si trasferisce per trovare lavoro nella fioritura settore industriale emergente sulle pianure del Nord Italia. Ora il paese \u00e8 appena abitato in inverno, quando le nevicate possono rendere difficile l\u2019accesso. In estate molti che sono cresciuti in Patocco, tanti anni fa, tornano per godere una piacevole vita di pensionato nelle loro vecchie case famiglia e il borgo torna avere un po\u2019 di vita.<\/p>\n","protected":false},"excerpt":{"rendered":"<p>Un paradiso nelle montagne del Friuli nel Val Raccolana Il paradiso del paesino montano, Pattoco sorge in alta della Val Raccolana, che fa parte delle Alpi Giulie della regione Friuli Venezia Giulia, vicino ai confini con l&#8217;Austria e la Slovenia. Patocco \u00e8 la destinazione finale di una strada tortuosa che sale sette chilometri dalla strada [&hellip;]<\/p>\n","protected":false},"author":1,"featured_media":0,"parent":0,"menu_order":0,"comment_status":"open","ping_status":"open","template":"","meta":{"footnotes":""},"class_list":["post-6","page","type-page","status-publish","hentry","wpautop"],"yoast_head":"<!-- This site is optimized with the Yoast SEO plugin v21.8 - https:\/\/yoast.com\/wordpress\/plugins\/seo\/ -->\n<title>Informazione sul Patocco - nella Val Raccolana<\/title>\n<meta name=\"description\" content=\"nformazione sul Patocco - una meraviglia nella Val Raccolana. Bellissime viste e case vecchie in un lugo di pace della Alpi Giulie\" \/>\n<meta name=\"robots\" content=\"index, follow, max-snippet:-1, max-image-preview:large, max-video-preview:-1\" \/>\n<link rel=\"canonical\" href=\"https:\/\/patocco.com\/it\/about-patocco-val-raccolana\/\" \/>\n<meta property=\"og:locale\" content=\"it_IT\" \/>\n<meta property=\"og:type\" content=\"article\" \/>\n<meta property=\"og:title\" content=\"Informazione sul Patocco - nella Val Raccolana\" \/>\n<meta property=\"og:description\" content=\"nformazione sul Patocco - una meraviglia nella Val Raccolana. Bellissime viste e case vecchie in un lugo di pace della Alpi Giulie\" \/>\n<meta property=\"og:url\" content=\"https:\/\/patocco.com\/it\/about-patocco-val-raccolana\/\" \/>\n<meta property=\"og:site_name\" content=\"Patocco - Val Raccolana (IT)\" \/>\n<meta property=\"article:modified_time\" content=\"2024-01-15T05:07:47+00:00\" \/>\n<meta property=\"og:image\" content=\"https:\/\/patocco.com\/wp-content\/uploads\/2014\/06\/Patocco-svg-map.png\" \/>\n<meta name=\"twitter:label1\" content=\"Tempo di lettura stimato\" \/>\n\t<meta name=\"twitter:data1\" content=\"3 minuti\" \/>\n<script type=\"application\/ld+json\" class=\"yoast-schema-graph\">{\"@context\":\"https:\/\/schema.org\",\"@graph\":[{\"@type\":\"WebPage\",\"@id\":\"https:\/\/patocco.com\/it\/about-patocco-val-raccolana\/\",\"url\":\"https:\/\/patocco.com\/it\/about-patocco-val-raccolana\/\",\"name\":\"Informazione sul Patocco - nella Val Raccolana\",\"isPartOf\":{\"@id\":\"https:\/\/patocco.com\/it\/#website\"},\"datePublished\":\"2014-06-03T05:24:53+00:00\",\"dateModified\":\"2024-01-15T05:07:47+00:00\",\"description\":\"nformazione sul Patocco - una meraviglia nella Val Raccolana. Bellissime viste e case vecchie in un lugo di pace della Alpi Giulie\",\"inLanguage\":\"it-IT\",\"potentialAction\":[{\"@type\":\"ReadAction\",\"target\":[\"https:\/\/patocco.com\/it\/about-patocco-val-raccolana\/\"]}]},{\"@type\":\"WebSite\",\"@id\":\"https:\/\/patocco.com\/it\/#website\",\"url\":\"https:\/\/patocco.com\/it\/\",\"name\":\"Patocco - Val Raccolana (IT)\",\"description\":\"Patocco: Un gioiello negli Alpi Giulie\",\"potentialAction\":[{\"@type\":\"SearchAction\",\"target\":{\"@type\":\"EntryPoint\",\"urlTemplate\":\"https:\/\/patocco.com\/it\/?s={search_term_string}\"},\"query-input\":\"required name=search_term_string\"}],\"inLanguage\":\"it-IT\"}]}<\/script>\n<!-- \/ Yoast SEO plugin. -->","yoast_head_json":{"title":"Informazione sul Patocco - nella Val Raccolana","description":"nformazione sul Patocco - una meraviglia nella Val Raccolana. Bellissime viste e case vecchie in un lugo di pace della Alpi Giulie","robots":{"index":"index","follow":"follow","max-snippet":"max-snippet:-1","max-image-preview":"max-image-preview:large","max-video-preview":"max-video-preview:-1"},"canonical":"https:\/\/patocco.com\/it\/about-patocco-val-raccolana\/","og_locale":"it_IT","og_type":"article","og_title":"Informazione sul Patocco - nella Val Raccolana","og_description":"nformazione sul Patocco - una meraviglia nella Val Raccolana. Bellissime viste e case vecchie in un lugo di pace della Alpi Giulie","og_url":"https:\/\/patocco.com\/it\/about-patocco-val-raccolana\/","og_site_name":"Patocco - Val Raccolana (IT)","article_modified_time":"2024-01-15T05:07:47+00:00","og_image":[{"url":"https:\/\/patocco.com\/wp-content\/uploads\/2014\/06\/Patocco-svg-map.png"}],"twitter_misc":{"Tempo di lettura stimato":"3 minuti"},"schema":{"@context":"https:\/\/schema.org","@graph":[{"@type":"WebPage","@id":"https:\/\/patocco.com\/it\/about-patocco-val-raccolana\/","url":"https:\/\/patocco.com\/it\/about-patocco-val-raccolana\/","name":"Informazione sul Patocco - nella Val Raccolana","isPartOf":{"@id":"https:\/\/patocco.com\/it\/#website"},"datePublished":"2014-06-03T05:24:53+00:00","dateModified":"2024-01-15T05:07:47+00:00","description":"nformazione sul Patocco - una meraviglia nella Val Raccolana. Bellissime viste e case vecchie in un lugo di pace della Alpi Giulie","inLanguage":"it-IT","potentialAction":[{"@type":"ReadAction","target":["https:\/\/patocco.com\/it\/about-patocco-val-raccolana\/"]}]},{"@type":"WebSite","@id":"https:\/\/patocco.com\/it\/#website","url":"https:\/\/patocco.com\/it\/","name":"Patocco - Val Raccolana (IT)","description":"Patocco: Un gioiello negli Alpi Giulie","potentialAction":[{"@type":"SearchAction","target":{"@type":"EntryPoint","urlTemplate":"https:\/\/patocco.com\/it\/?s={search_term_string}"},"query-input":"required name=search_term_string"}],"inLanguage":"it-IT"}]}},"_links":{"self":[{"href":"https:\/\/patocco.com\/it\/wp-json\/wp\/v2\/pages\/6","targetHints":{"allow":["GET"]}}],"collection":[{"href":"https:\/\/patocco.com\/it\/wp-json\/wp\/v2\/pages"}],"about":[{"href":"https:\/\/patocco.com\/it\/wp-json\/wp\/v2\/types\/page"}],"author":[{"embeddable":true,"href":"https:\/\/patocco.com\/it\/wp-json\/wp\/v2\/users\/1"}],"replies":[{"embeddable":true,"href":"https:\/\/patocco.com\/it\/wp-json\/wp\/v2\/comments?post=6"}],"version-history":[{"count":17,"href":"https:\/\/patocco.com\/it\/wp-json\/wp\/v2\/pages\/6\/revisions"}],"predecessor-version":[{"id":708,"href":"https:\/\/patocco.com\/it\/wp-json\/wp\/v2\/pages\/6\/revisions\/708"}],"wp:attachment":[{"href":"https:\/\/patocco.com\/it\/wp-json\/wp\/v2\/media?parent=6"}],"curies":[{"name":"wp","href":"https:\/\/api.w.org\/{rel}","templated":true}]}}